{"id":1702,"date":"2024-04-24T06:16:33","date_gmt":"2024-04-24T06:16:33","guid":{"rendered":"https:\/\/fabripunto.com\/?post_type=product&#038;p=1702"},"modified":"2025-01-09T17:30:52","modified_gmt":"2025-01-09T17:30:52","slug":"t-shirt-cuello-v-algodon-100","status":"publish","type":"product","link":"https:\/\/fabripunto.com\/en\/tienda\/hombre\/t-shirt-cuello-v-algodon-100\/","title":{"rendered":"100% Cotton V-neck T-shirt"},"content":{"rendered":"<p><strong>Tubular undershirt in 100% cotton, T-shirt design (short sleeve, V neck).<\/strong><\/p>\n<p>Fresh and hypoallergenic.<br \/>\nSleeve length: Short sleeve (reinforced cuffs)<br \/>\nNeck: V Neck<br \/>\nFabric Type: Single Jersey Flannel<br \/>\nMaterial: 100% Combed Cotton 180 grams approx.<br \/>\nGender: Male.<br \/>\nStyle: Inside \u2013 tubular (no side seams).<br \/>\nAvailable sizes: S \u2013 M \u2013 L \u2013 XL \u2013 XXL (see size guide).<br \/>\nAvailable Colors: White.<br \/>\nBeing a 100% cotton garment, it has a percentage of shrinkage already calculated in the length of the garment.<br \/>\nInside sizing, it comes a little tighter to the body<br \/>\nIn addition to being used as an undergarment, it can be used as an outer shirt or loungewear.<br \/>\nBecause it is an inner garment, it has no change.<br \/>\nMeasurements can always have a variation of 3%.<br \/>\nGARMENT NOT SUITABLE FOR SUBLIMATION<br \/>\nCheck the washing instructions to give this garment a longer useful life.<\/p>","protected":false},"excerpt":{"rendered":"<p>Camiseta interior tubular en algod\u00f3n 100%, dise\u00f1o T-shirt ( manga corta, cuello V). Fresca e hipoalerg\u00e9nica. Longitud de la manga: Manga corta (pu\u00f1os reforzados) Cuello:&#8230;<\/p>","protected":false},"featured_media":1703,"comment_status":"open","ping_status":"closed","template":"","meta":[],"etheme_brands":[],"product_brand":[],"product_cat":[25,50],"product_tag":[],"class_list":{"0":"post-1702","1":"product","2":"type-product","3":"status-publish","4":"has-post-thumbnail","6":"product_cat-hombre","7":"product_cat-ropa-interior","9":"first","10":"instock","11":"taxable","12":"shipping-taxable","13":"purchasable","14":"product-type-variable"},"_links":{"self":[{"href":"https:\/\/fabripunto.com\/en\/wp-json\/wp\/v2\/product\/1702","targetHints":{"allow":["GET"]}}],"collection":[{"href":"https:\/\/fabripunto.com\/en\/wp-json\/wp\/v2\/product"}],"about":[{"href":"https:\/\/fabripunto.com\/en\/wp-json\/wp\/v2\/types\/product"}],"replies":[{"embeddable":true,"href":"https:\/\/fabripunto.com\/en\/wp-json\/wp\/v2\/comments?post=1702"}],"version-history":[{"count":3,"href":"https:\/\/fabripunto.com\/en\/wp-json\/wp\/v2\/product\/1702\/revisions"}],"predecessor-version":[{"id":2964,"href":"https:\/\/fabripunto.com\/en\/wp-json\/wp\/v2\/product\/1702\/revisions\/2964"}],"wp:featuredmedia":[{"embeddable":true,"href":"https:\/\/fabripunto.com\/en\/wp-json\/wp\/v2\/media\/1703"}],"wp:attachment":[{"href":"https:\/\/fabripunto.com\/en\/wp-json\/wp\/v2\/media?parent=1702"}],"wp:term":[{"taxonomy":"brand","embeddable":true,"href":"https:\/\/fabripunto.com\/en\/wp-json\/wp\/v2\/etheme_brands?post=1702"},{"taxonomy":"product_brand","embeddable":true,"href":"https:\/\/fabripunto.com\/en\/wp-json\/wp\/v2\/product_brand?post=1702"},{"taxonomy":"product_cat","embeddable":true,"href":"https:\/\/fabripunto.com\/en\/wp-json\/wp\/v2\/product_cat?post=1702"},{"taxonomy":"product_tag","embeddable":true,"href":"https:\/\/fabripunto.com\/en\/wp-json\/wp\/v2\/product_tag?post=1702"}],"curies":[{"name":"wp","href":"https:\/\/api.w.org\/{rel}","templated":true}]}}